{"id":6,"date":"2021-07-21T15:32:05","date_gmt":"2021-07-21T13:32:05","guid":{"rendered":"http:\/\/lesagapanthes-lepoiresurvie.com\/?page_id=6"},"modified":"2023-10-30T16:24:01","modified_gmt":"2023-10-30T15:24:01","slug":"aide-au-repit-les-agapanthes","status":"publish","type":"page","link":"https:\/\/lesagapanthes-lepoiresurvie.com\/","title":{"rendered":"Aide au R\u00e9pit \u00ab Les Agapanthes \u00bb"},"content":{"rendered":"<div class=\"vce-row-container\" data-vce-boxed-width=\"true\"><div class=\"vce-row vce-row--col-gap-30 vce-row-equal-height vce-row-content--top\" id=\"el-99293bad\" data-vce-do-apply=\"all el-99293bad\"><div class=\"vce-content-background-container\"><\/div><div class=\"vce-row-content\" data-vce-element-content=\"true\"><div class=\"vce-col vce-col--md-auto vce-col--xs-1 vce-col--xs-last vce-col--xs-first vce-col--sm-last vce-col--sm-first vce-col--md-last vce-col--lg-last vce-col--xl-last vce-col--md-first vce-col--lg-first vce-col--xl-first\" id=\"el-da730819\"><div class=\"vce-col-inner\" data-vce-do-apply=\"border margin background  el-da730819\"><div class=\"vce-col-content\" data-vce-element-content=\"true\" data-vce-do-apply=\"padding el-da730819\"><div class=\"vce-text-block\"><div class=\"vce-text-block-wrapper vce\" id=\"el-fc3e40e8\" data-vce-do-apply=\"all el-fc3e40e8\"><p style=\"line-height: inherit;\"><span style=\"font-size: 12pt;\"><span style=\"vertical-align: inherit;\"><span style=\"vertical-align: inherit;\">L'Aide au R\u00e9pit \u00ab Les Agapanthes \u00bb est un <\/span><\/span><strong><span style=\"vertical-align: inherit;\"><span style=\"vertical-align: inherit;\">lieu d'accueil \u00e0 la journ\u00e9e<\/span><\/span><\/strong><span style=\"vertical-align: inherit;\"><span style=\"vertical-align: inherit;\"> , qui re\u00e7oit des personnes \u00e2g\u00e9es vivantes \u00e0 leur domicile pour une ou plusieurs journ\u00e9es par semaine. <\/span><span style=\"vertical-align: inherit;\">La structure est ouverte du lundi au vendredi de <\/span><\/span><strong><span style=\"vertical-align: inherit;\"><span style=\"vertical-align: inherit;\">9h00 \u00e0 17h00<\/span><\/span><\/strong><span style=\"vertical-align: inherit;\"><span style=\"vertical-align: inherit;\"> , toute l'ann\u00e9e, hors jours f\u00e9ri\u00e9s et p\u00e9riode de vacances. <\/span><\/span><\/span><span style=\"font-size: 12pt;\"><span style=\"vertical-align: inherit;\"><span style=\"vertical-align: inherit;\">Le <\/span><\/span><strong><span style=\"vertical-align: inherit;\"><span style=\"vertical-align: inherit;\">transport aller\/retour<\/span><\/span><\/strong><\/span><span style=\"font-size: 16px;\"><span style=\"vertical-align: inherit;\"><span style=\"vertical-align: inherit;\"> des personnes accueillies est \u00e9galement propos\u00e9 aux familles. <\/span><\/span><\/span><span style=\"font-size: 12pt;\"><span style=\"vertical-align: inherit;\"><span style=\"vertical-align: inherit;\">La structure vise, par son amplitude horaire et sa qualit\u00e9 de services, \u00e0 soulager le quotidien des aidants.&nbsp;<\/span><\/span><\/span><\/p><p><strong>L' Association qui g\u00e8re la structure a \u00e9t\u00e9 reconnue d'Int\u00e9r\u00eat G\u00e9n\u00e9ral en juin 2022.<\/strong><\/p><p style=\"line-height: inherit;\"><span style=\"font-size: 12pt;\"><span style=\"vertical-align: inherit;\"><span style=\"vertical-align: inherit;\">L'accueil de jour est aussi une r\u00e9ponse appropri\u00e9e aux aidants en leur offrant une opportunit\u00e9 de prendre du temps de r\u00e9pit. <\/span><span style=\"vertical-align: inherit;\">Il est une alternative \u00e0 l\u2019entr\u00e9e d\u00e9finitive en structure. <\/span><span style=\"vertical-align: inherit;\">Il est aussi l'occasion de proposer un lieu de vie pour la personne \u00e2g\u00e9e et une formidable opportunit\u00e9 de renouer avec une vie sociale tout en b\u00e9n\u00e9ficiant d'activit\u00e9s stimulantes.<\/span><\/span><\/span><\/p><\/div><\/div><\/div><\/div><\/div><\/div><\/div><\/div>\n","protected":false},"excerpt":{"rendered":"<p>L&#8217;Aide au R\u00e9pit \u00ab Les Agapanthes \u00bb est un lieu d&#8217;accueil \u00e0 la journ\u00e9e , qui re\u00e7oit des personnes \u00e2g\u00e9es vivantes \u00e0 leur domicile pour une ou plusieurs journ\u00e9es par semaine. La structure est ouverte du lundi au vendredi de 9h00 \u00e0 17h00 , toute l&#8217;ann\u00e9e, hors jours f\u00e9ri\u00e9s et p\u00e9riode de vacances. Le transport &hellip; <\/p>\n<p class=\"link-more\"><a href=\"https:\/\/lesagapanthes-lepoiresurvie.com\/\" class=\"more-link\">Continue reading<span class=\"screen-reader-text\"> &#8220;Aide au R\u00e9pit \u00ab Les Agapanthes \u00bb&#8221;<\/span><\/a><\/p>\n","protected":false},"author":1,"featured_media":0,"parent":0,"menu_order":0,"comment_status":"closed","ping_status":"closed","template":"","meta":{"spay_email":""},"yoast_head":"<!-- This site is optimized with the Yoast SEO plugin v19.4 - https:\/\/yoast.com\/wordpress\/plugins\/seo\/ -->\n<title>Aide au R\u00e9pit \u00ab Les Agapanthes \u00bb - Aide au R\u00e9pit \u00ab Les Agapanthes \u00bb<\/title>\n<meta name=\"robots\" content=\"index, follow, max-snippet:-1, max-image-preview:large, max-video-preview:-1\" \/>\n<link rel=\"canonical\" href=\"http:\/\/lesagapanthes-lepoiresurvie.com\/\" \/>\n<meta property=\"og:locale\" content=\"en_US\" \/>\n<meta property=\"og:type\" content=\"article\" \/>\n<meta property=\"og:title\" content=\"Aide au R\u00e9pit \u00ab Les Agapanthes \u00bb - Aide au R\u00e9pit \u00ab Les Agapanthes \u00bb\" \/>\n<meta property=\"og:description\" content=\"L&#039;Aide au R\u00e9pit \u00ab Les Agapanthes \u00bb est un lieu d&#039;accueil \u00e0 la journ\u00e9e , qui re\u00e7oit des personnes \u00e2g\u00e9es vivantes \u00e0 leur domicile pour une ou plusieurs journ\u00e9es par semaine. La structure est ouverte du lundi au vendredi de 9h00 \u00e0 17h00 , toute l&#039;ann\u00e9e, hors jours f\u00e9ri\u00e9s et p\u00e9riode de vacances. Le transport &hellip; Continue reading &quot;Aide au R\u00e9pit \u00ab Les Agapanthes \u00bb&quot;\" \/>\n<meta property=\"og:url\" content=\"http:\/\/lesagapanthes-lepoiresurvie.com\/\" \/>\n<meta property=\"og:site_name\" content=\"Aide au R\u00e9pit \u00ab Les Agapanthes \u00bb\" \/>\n<meta property=\"article:modified_time\" content=\"2023-10-30T15:24:01+00:00\" \/>\n<meta name=\"twitter:card\" content=\"summary_large_image\" \/>\n<meta name=\"twitter:label1\" content=\"Est. reading time\" \/>\n\t<meta name=\"twitter:data1\" content=\"3 minutes\" \/>\n<script type=\"application\/ld+json\" class=\"yoast-schema-graph\">{\"@context\":\"https:\/\/schema.org\",\"@graph\":[{\"@type\":\"Organization\",\"@id\":\"http:\/\/lesagapanthes-lepoiresurvie.com\/#organization\",\"name\":\"Aide au R\u00e9pit \u00ab Les Agapanthes \u00bb\",\"url\":\"http:\/\/lesagapanthes-lepoiresurvie.com\/\",\"sameAs\":[],\"logo\":{\"@type\":\"ImageObject\",\"inLanguage\":\"en-US\",\"@id\":\"http:\/\/lesagapanthes-lepoiresurvie.com\/#\/schema\/logo\/image\/\",\"url\":\"https:\/\/lesagapanthes-lepoiresurvie.com\/wp-content\/uploads\/2021\/07\/cropped-APM_ALZHEIMER_LOGO.png\",\"contentUrl\":\"https:\/\/lesagapanthes-lepoiresurvie.com\/wp-content\/uploads\/2021\/07\/cropped-APM_ALZHEIMER_LOGO.png\",\"width\":2011,\"height\":1755,\"caption\":\"Aide au R\u00e9pit \u00ab Les Agapanthes \u00bb\"},\"image\":{\"@id\":\"http:\/\/lesagapanthes-lepoiresurvie.com\/#\/schema\/logo\/image\/\"}},{\"@type\":\"WebSite\",\"@id\":\"http:\/\/lesagapanthes-lepoiresurvie.com\/#website\",\"url\":\"http:\/\/lesagapanthes-lepoiresurvie.com\/\",\"name\":\"Aide au R\u00e9pit \u00ab Les Agapanthes \u00bb\",\"description\":\"Structure d&#039;accueil \u00e0 la journ\u00e9e pour personnes \u00e2g\u00e9es de 60 ans et plus en perte d&#039;autonomie\",\"publisher\":{\"@id\":\"http:\/\/lesagapanthes-lepoiresurvie.com\/#organization\"},\"potentialAction\":[{\"@type\":\"SearchAction\",\"target\":{\"@type\":\"EntryPoint\",\"urlTemplate\":\"http:\/\/lesagapanthes-lepoiresurvie.com\/?s={search_term_string}\"},\"query-input\":\"required name=search_term_string\"}],\"inLanguage\":\"en-US\"},{\"@type\":\"WebPage\",\"@id\":\"http:\/\/lesagapanthes-lepoiresurvie.com\/\",\"url\":\"http:\/\/lesagapanthes-lepoiresurvie.com\/\",\"name\":\"Aide au R\u00e9pit \u00ab Les Agapanthes \u00bb - Aide au R\u00e9pit \u00ab Les Agapanthes \u00bb\",\"isPartOf\":{\"@id\":\"http:\/\/lesagapanthes-lepoiresurvie.com\/#website\"},\"datePublished\":\"2021-07-21T13:32:05+00:00\",\"dateModified\":\"2023-10-30T15:24:01+00:00\",\"breadcrumb\":{\"@id\":\"http:\/\/lesagapanthes-lepoiresurvie.com\/#breadcrumb\"},\"inLanguage\":\"en-US\",\"potentialAction\":[{\"@type\":\"ReadAction\",\"target\":[\"http:\/\/lesagapanthes-lepoiresurvie.com\/\"]}]},{\"@type\":\"BreadcrumbList\",\"@id\":\"http:\/\/lesagapanthes-lepoiresurvie.com\/#breadcrumb\",\"itemListElement\":[{\"@type\":\"ListItem\",\"position\":1,\"name\":\"Accueil\",\"item\":\"http:\/\/lesagapanthes-lepoiresurvie.com\/\"},{\"@type\":\"ListItem\",\"position\":2,\"name\":\"Aide au R\u00e9pit \u00ab Les Agapanthes \u00bb\"}]}]}<\/script>\n<!-- \/ Yoast SEO plugin. -->","yoast_head_json":{"title":"Aide au R\u00e9pit \u00ab Les Agapanthes \u00bb - Aide au R\u00e9pit \u00ab Les Agapanthes \u00bb","robots":{"index":"index","follow":"follow","max-snippet":"max-snippet:-1","max-image-preview":"max-image-preview:large","max-video-preview":"max-video-preview:-1"},"canonical":"http:\/\/lesagapanthes-lepoiresurvie.com\/","og_locale":"en_US","og_type":"article","og_title":"Aide au R\u00e9pit \u00ab Les Agapanthes \u00bb - Aide au R\u00e9pit \u00ab Les Agapanthes \u00bb","og_description":"L'Aide au R\u00e9pit \u00ab Les Agapanthes \u00bb est un lieu d'accueil \u00e0 la journ\u00e9e , qui re\u00e7oit des personnes \u00e2g\u00e9es vivantes \u00e0 leur domicile pour une ou plusieurs journ\u00e9es par semaine. La structure est ouverte du lundi au vendredi de 9h00 \u00e0 17h00 , toute l'ann\u00e9e, hors jours f\u00e9ri\u00e9s et p\u00e9riode de vacances. Le transport &hellip; Continue reading \"Aide au R\u00e9pit \u00ab Les Agapanthes \u00bb\"","og_url":"http:\/\/lesagapanthes-lepoiresurvie.com\/","og_site_name":"Aide au R\u00e9pit \u00ab Les Agapanthes \u00bb","article_modified_time":"2023-10-30T15:24:01+00:00","twitter_card":"summary_large_image","twitter_misc":{"Est. reading time":"3 minutes"},"schema":{"@context":"https:\/\/schema.org","@graph":[{"@type":"Organization","@id":"http:\/\/lesagapanthes-lepoiresurvie.com\/#organization","name":"Aide au R\u00e9pit \u00ab Les Agapanthes \u00bb","url":"http:\/\/lesagapanthes-lepoiresurvie.com\/","sameAs":[],"logo":{"@type":"ImageObject","inLanguage":"en-US","@id":"http:\/\/lesagapanthes-lepoiresurvie.com\/#\/schema\/logo\/image\/","url":"https:\/\/lesagapanthes-lepoiresurvie.com\/wp-content\/uploads\/2021\/07\/cropped-APM_ALZHEIMER_LOGO.png","contentUrl":"https:\/\/lesagapanthes-lepoiresurvie.com\/wp-content\/uploads\/2021\/07\/cropped-APM_ALZHEIMER_LOGO.png","width":2011,"height":1755,"caption":"Aide au R\u00e9pit \u00ab Les Agapanthes \u00bb"},"image":{"@id":"http:\/\/lesagapanthes-lepoiresurvie.com\/#\/schema\/logo\/image\/"}},{"@type":"WebSite","@id":"http:\/\/lesagapanthes-lepoiresurvie.com\/#website","url":"http:\/\/lesagapanthes-lepoiresurvie.com\/","name":"Aide au R\u00e9pit \u00ab Les Agapanthes \u00bb","description":"Structure d&#039;accueil \u00e0 la journ\u00e9e pour personnes \u00e2g\u00e9es de 60 ans et plus en perte d&#039;autonomie","publisher":{"@id":"http:\/\/lesagapanthes-lepoiresurvie.com\/#organization"},"potentialAction":[{"@type":"SearchAction","target":{"@type":"EntryPoint","urlTemplate":"http:\/\/lesagapanthes-lepoiresurvie.com\/?s={search_term_string}"},"query-input":"required name=search_term_string"}],"inLanguage":"en-US"},{"@type":"WebPage","@id":"http:\/\/lesagapanthes-lepoiresurvie.com\/","url":"http:\/\/lesagapanthes-lepoiresurvie.com\/","name":"Aide au R\u00e9pit \u00ab Les Agapanthes \u00bb - Aide au R\u00e9pit \u00ab Les Agapanthes \u00bb","isPartOf":{"@id":"http:\/\/lesagapanthes-lepoiresurvie.com\/#website"},"datePublished":"2021-07-21T13:32:05+00:00","dateModified":"2023-10-30T15:24:01+00:00","breadcrumb":{"@id":"http:\/\/lesagapanthes-lepoiresurvie.com\/#breadcrumb"},"inLanguage":"en-US","potentialAction":[{"@type":"ReadAction","target":["http:\/\/lesagapanthes-lepoiresurvie.com\/"]}]},{"@type":"BreadcrumbList","@id":"http:\/\/lesagapanthes-lepoiresurvie.com\/#breadcrumb","itemListElement":[{"@type":"ListItem","position":1,"name":"Accueil","item":"http:\/\/lesagapanthes-lepoiresurvie.com\/"},{"@type":"ListItem","position":2,"name":"Aide au R\u00e9pit \u00ab Les Agapanthes \u00bb"}]}]}},"_links":{"self":[{"href":"https:\/\/lesagapanthes-lepoiresurvie.com\/index.php\/wp-json\/wp\/v2\/pages\/6"}],"collection":[{"href":"https:\/\/lesagapanthes-lepoiresurvie.com\/index.php\/wp-json\/wp\/v2\/pages"}],"about":[{"href":"https:\/\/lesagapanthes-lepoiresurvie.com\/index.php\/wp-json\/wp\/v2\/types\/page"}],"author":[{"embeddable":true,"href":"https:\/\/lesagapanthes-lepoiresurvie.com\/index.php\/wp-json\/wp\/v2\/users\/1"}],"replies":[{"embeddable":true,"href":"https:\/\/lesagapanthes-lepoiresurvie.com\/index.php\/wp-json\/wp\/v2\/comments?post=6"}],"version-history":[{"count":13,"href":"https:\/\/lesagapanthes-lepoiresurvie.com\/index.php\/wp-json\/wp\/v2\/pages\/6\/revisions"}],"predecessor-version":[{"id":119,"href":"https:\/\/lesagapanthes-lepoiresurvie.com\/index.php\/wp-json\/wp\/v2\/pages\/6\/revisions\/119"}],"wp:attachment":[{"href":"https:\/\/lesagapanthes-lepoiresurvie.com\/index.php\/wp-json\/wp\/v2\/media?parent=6"}],"curies":[{"name":"wp","href":"https:\/\/api.w.org\/{rel}","templated":true}]}}